{"id":140,"date":"2025-08-25T10:22:14","date_gmt":"2025-08-25T10:22:14","guid":{"rendered":"https:\/\/sysadminow.com\/?page_id=140"},"modified":"2026-02-10T06:26:18","modified_gmt":"2026-02-10T06:26:18","slug":"inicio","status":"publish","type":"page","link":"https:\/\/youradmin.es\/","title":{"rendered":"Inicio"},"content":{"rendered":"\t\t<div data-elementor-type=\"wp-page\" data-elementor-id=\"140\" class=\"elementor elementor-140\" data-elementor-post-type=\"page\">\n\t\t\t\t<div class=\"elementor-element elementor-element-7409183 content e-flex e-con-boxed e-con e-parent\" data-id=\"7409183\" data-element_type=\"container\" id=\"content\" role=\"main\">\n\t\t\t\t\t<div class=\"e-con-inner\">\n\t\t<div class=\"elementor-element elementor-element-b1c953b e-con-full e-flex e-con e-child\" data-id=\"b1c953b\" data-element_type=\"container\">\n\t\t\t\t<div class=\"elementor-element elementor-element-6afd367 elementor-widget elementor-widget-theme-site-logo elementor-widget-image\" data-id=\"6afd367\" data-element_type=\"widget\" data-widget_type=\"theme-site-logo.default\">\n\t\t\t\t\t\t\t\t\t\t\t<a href=\"https:\/\/youradmin.es\">\n\t\t\t<img fetchpriority=\"high\" decoding=\"async\" width=\"1536\" height=\"1024\" src=\"https:\/\/youradmin.es\/wp-content\/uploads\/2025\/07\/youradmin.png\" class=\"attachment-full size-full wp-image-400\" alt=\"YourAdmin\" srcset=\"https:\/\/youradmin.es\/wp-content\/uploads\/2025\/07\/youradmin.png 1536w, https:\/\/youradmin.es\/wp-content\/uploads\/2025\/07\/youradmin-300x200.png 300w, https:\/\/youradmin.es\/wp-content\/uploads\/2025\/07\/youradmin-1024x683.png 1024w, https:\/\/youradmin.es\/wp-content\/uploads\/2025\/07\/youradmin-768x512.png 768w\" sizes=\"(max-width: 1536px) 100vw, 1536px\" \/>\t\t\t\t<\/a>\n\t\t\t\t\t\t\t\t\t\t\t<\/div>\n\t\t<div class=\"elementor-element elementor-element-c1a165d e-con-full e-flex e-con e-child\" data-id=\"c1a165d\" data-element_type=\"container\">\n\t\t\t\t<div class=\"elementor-element elementor-element-f2482f0 elementor-widget elementor-widget-heading\" data-id=\"f2482f0\" data-element_type=\"widget\" data-widget_type=\"heading.default\">\n\t\t\t\t\t<h2 class=\"elementor-heading-title elementor-size-default\">A tu lado en todo momento\n<\/h2>\t\t\t\t<\/div>\n\t\t\t\t<div class=\"elementor-element elementor-element-9b6650c elementor-widget elementor-widget-text-editor\" data-id=\"9b6650c\" data-element_type=\"widget\" data-widget_type=\"text-editor.default\">\n\t\t\t\t\t\t\t\t\t<p>Te acompa\u00f1amos durante el ciclo de vida de tu proyecto para que te sientas respaldado en todo momento por personal t\u00e9cnico cualificado.<\/p>\t\t\t\t\t\t\t\t<\/div>\n\t\t\t\t<\/div>\n\t\t\t\t<\/div>\n\t\t\t\t<div class=\"elementor-element elementor-element-7dbb758 elementor-widget elementor-widget-image\" data-id=\"7dbb758\" data-element_type=\"widget\" data-widget_type=\"image.default\">\n\t\t\t\t\t\t\t\t\t\t\t\t\t\t\t<img decoding=\"async\" width=\"1536\" height=\"1024\" src=\"https:\/\/youradmin.es\/wp-content\/uploads\/2025\/12\/sysadmin.png\" class=\"attachment-full size-full wp-image-413\" alt=\"\" srcset=\"https:\/\/youradmin.es\/wp-content\/uploads\/2025\/12\/sysadmin.png 1536w, https:\/\/youradmin.es\/wp-content\/uploads\/2025\/12\/sysadmin-300x200.png 300w, https:\/\/youradmin.es\/wp-content\/uploads\/2025\/12\/sysadmin-1024x683.png 1024w, https:\/\/youradmin.es\/wp-content\/uploads\/2025\/12\/sysadmin-768x512.png 768w\" sizes=\"(max-width: 1536px) 100vw, 1536px\" \/>\t\t\t\t\t\t\t\t\t\t\t\t\t\t\t<\/div>\n\t\t\t\t\t<\/div>\n\t\t\t\t<\/div>\n\t\t<div class=\"elementor-element elementor-element-df4b2ed e-con-full e-flex e-con e-parent\" data-id=\"df4b2ed\" data-element_type=\"container\" data-settings=\"{&quot;background_background&quot;:&quot;classic&quot;}\">\n\t\t<div class=\"elementor-element elementor-element-9ac5a71 e-con-full e-flex e-con e-child\" data-id=\"9ac5a71\" data-element_type=\"container\" data-settings=\"{&quot;background_background&quot;:&quot;gradient&quot;}\">\n\t\t\t\t<div class=\"elementor-element elementor-element-6091324 elementor-widget elementor-widget-heading\" data-id=\"6091324\" data-element_type=\"widget\" data-widget_type=\"heading.default\">\n\t\t\t\t\t<h2 class=\"elementor-heading-title elementor-size-default\">Nuestros servicios<\/h2>\t\t\t\t<\/div>\n\t\t<div class=\"elementor-element elementor-element-3f67abc e-con-full e-flex e-con e-child\" data-id=\"3f67abc\" data-element_type=\"container\">\n\t\t<div class=\"elementor-element elementor-element-cbb7e7f e-con-full e-flex e-con e-child\" data-id=\"cbb7e7f\" data-element_type=\"container\">\n\t\t\t\t<div class=\"elementor-element elementor-element-e2b30cd elementor-widget elementor-widget-heading\" data-id=\"e2b30cd\" data-element_type=\"widget\" data-widget_type=\"heading.default\">\n\t\t\t\t\t<h2 class=\"elementor-heading-title elementor-size-default\">Automatizaci\u00f3n y Servicios Avanzados<\/h2>\t\t\t\t<\/div>\n\t\t\t\t<div class=\"elementor-element elementor-element-9a9460f elementor-widget elementor-widget-text-editor\" data-id=\"9a9460f\" data-element_type=\"widget\" data-widget_type=\"text-editor.default\">\n\t\t\t\t\t\t\t\t\t<p>Optimizamos tus procesos con tecnolog\u00eda inteligente. Automatiza tareas, integra sistemas y gana eficiencia desde el primer d\u00eda.<\/p>\t\t\t\t\t\t\t\t<\/div>\n\t\t\t\t<div class=\"elementor-element elementor-element-d2bd6b8 elementor-align-center elementor-widget elementor-widget-button\" data-id=\"d2bd6b8\" data-element_type=\"widget\" data-widget_type=\"button.default\">\n\t\t\t\t\t\t\t\t\t\t<a class=\"elementor-button elementor-button-link elementor-size-sm\" href=\"https:\/\/youradmin.es\/?page_id=24\">\n\t\t\t\t\t\t<span class=\"elementor-button-content-wrapper\">\n\t\t\t\t\t\t\t\t\t<span class=\"elementor-button-text\">Leer m\u00e1s...<\/span>\n\t\t\t\t\t<\/span>\n\t\t\t\t\t<\/a>\n\t\t\t\t\t\t\t\t<\/div>\n\t\t\t\t<\/div>\n\t\t<div class=\"elementor-element elementor-element-19221d6 e-con-full e-flex e-con e-child\" data-id=\"19221d6\" data-element_type=\"container\">\n\t\t\t\t<div class=\"elementor-element elementor-element-6f0477d elementor-widget elementor-widget-heading\" data-id=\"6f0477d\" data-element_type=\"widget\" data-widget_type=\"heading.default\">\n\t\t\t\t\t<h2 class=\"elementor-heading-title elementor-size-default\">Seguridad, Backup y Continuidad<\/h2>\t\t\t\t<\/div>\n\t\t\t\t<div class=\"elementor-element elementor-element-470dc50 elementor-widget elementor-widget-text-editor\" data-id=\"470dc50\" data-element_type=\"widget\" data-widget_type=\"text-editor.default\">\n\t\t\t\t\t\t\t\t\t<p>Protege tu empresa frente a ciberamenazas, p\u00e9rdidas de datos y ca\u00eddas de sistema. Seguridad 360\u00ba para que tu operaci\u00f3n nunca se detenga.<\/p>\t\t\t\t\t\t\t\t<\/div>\n\t\t\t\t<div class=\"elementor-element elementor-element-93cafed elementor-align-center elementor-widget elementor-widget-button\" data-id=\"93cafed\" data-element_type=\"widget\" data-widget_type=\"button.default\">\n\t\t\t\t\t\t\t\t\t\t<a class=\"elementor-button elementor-button-link elementor-size-sm\" href=\"https:\/\/youradmin.es\/?page_id=22\">\n\t\t\t\t\t\t<span class=\"elementor-button-content-wrapper\">\n\t\t\t\t\t\t\t\t\t<span class=\"elementor-button-text\">Leer m\u00e1s...<\/span>\n\t\t\t\t\t<\/span>\n\t\t\t\t\t<\/a>\n\t\t\t\t\t\t\t\t<\/div>\n\t\t\t\t<\/div>\n\t\t\t\t<\/div>\n\t\t<div class=\"elementor-element elementor-element-dc644d2 e-con-full e-flex e-con e-child\" data-id=\"dc644d2\" data-element_type=\"container\">\n\t\t\t\t<div class=\"elementor-element elementor-element-cb6ffc8 elementor-widget elementor-widget-heading\" data-id=\"cb6ffc8\" data-element_type=\"widget\" data-widget_type=\"heading.default\">\n\t\t\t\t\t<h2 class=\"elementor-heading-title elementor-size-default\">Infraestructura y Redes Empresariales<\/h2>\t\t\t\t<\/div>\n\t\t\t\t<div class=\"elementor-element elementor-element-5343c0e elementor-widget elementor-widget-text-editor\" data-id=\"5343c0e\" data-element_type=\"widget\" data-widget_type=\"text-editor.default\">\n\t\t\t\t\t\t\t\t\t<p>Dise\u00f1amos redes e infraestructuras IT estables, escalables y de alto rendimiento. La base tecnol\u00f3gica que tu empresa necesita para crecer.<\/p>\t\t\t\t\t\t\t\t<\/div>\n\t\t\t\t<div class=\"elementor-element elementor-element-789b95e elementor-align-center elementor-widget elementor-widget-button\" data-id=\"789b95e\" data-element_type=\"widget\" data-widget_type=\"button.default\">\n\t\t\t\t\t\t\t\t\t\t<a class=\"elementor-button elementor-button-link elementor-size-sm\" href=\"https:\/\/youradmin.es\/?page_id=19\">\n\t\t\t\t\t\t<span class=\"elementor-button-content-wrapper\">\n\t\t\t\t\t\t\t\t\t<span class=\"elementor-button-text\">Leer m\u00e1s...<\/span>\n\t\t\t\t\t<\/span>\n\t\t\t\t\t<\/a>\n\t\t\t\t\t\t\t\t<\/div>\n\t\t\t\t<\/div>\n\t\t\t\t<\/div>\n\t\t\t\t<\/div>\n\t\t<div class=\"elementor-element elementor-element-a969bd4 e-con-full e-flex e-con e-parent\" data-id=\"a969bd4\" data-element_type=\"container\">\n\t\t\t\t<div class=\"elementor-element elementor-element-664aade elementor-widget elementor-widget-heading\" data-id=\"664aade\" data-element_type=\"widget\" data-widget_type=\"heading.default\">\n\t\t\t\t\t<h2 class=\"elementor-heading-title elementor-size-default\">\u00bfQuienes somos?<\/h2>\t\t\t\t<\/div>\n\t\t\t\t<div class=\"elementor-element elementor-element-1fe364c elementor-widget elementor-widget-text-editor\" data-id=\"1fe364c\" data-element_type=\"widget\" data-widget_type=\"text-editor.default\">\n\t\t\t\t\t\t\t\t\t<p><strong data-start=\"1419\" data-end=\"1505\">Administraci\u00f3n de sistemas pensada para que su negocio funcione sin interrupciones<\/strong><br data-start=\"1505\" data-end=\"1508\" \/>Dise\u00f1amos, gestionamos y mantenemos infraestructuras IT estables, seguras y automatizadas. Nos ocupamos de la complejidad t\u00e9cnica para que usted pueda centrarse en su negocio, con procesos claros y total transparencia cuando necesita entender c\u00f3mo funciona su entorno.<\/p>\t\t\t\t\t\t\t\t<\/div>\n\t\t\t\t<\/div>\n\t\t<div class=\"elementor-element elementor-element-ee4d128 e-flex e-con-boxed e-con e-parent\" data-id=\"ee4d128\" data-element_type=\"container\">\n\t\t\t\t\t<div class=\"e-con-inner\">\n\t\t\t\t<div class=\"elementor-element elementor-element-ab9ca0e elementor-widget elementor-widget-heading\" data-id=\"ab9ca0e\" data-element_type=\"widget\" data-widget_type=\"heading.default\">\n\t\t\t\t\t<h2 class=\"elementor-heading-title elementor-size-default\">\u00bfNecesitas ayuda o tienes un proyecto en mente?<\/h2>\t\t\t\t<\/div>\n\t\t\t\t\t<\/div>\n\t\t\t\t<\/div>\n\t\t<div class=\"elementor-element elementor-element-2c5d527 e-flex e-con-boxed e-con e-parent\" data-id=\"2c5d527\" data-element_type=\"container\">\n\t\t\t\t\t<div class=\"e-con-inner\">\n\t\t<div class=\"elementor-element elementor-element-aa69cca e-con-full e-flex e-con e-child\" data-id=\"aa69cca\" data-element_type=\"container\">\n\t\t\t\t<div class=\"elementor-element elementor-element-04dd7dc elementor-button-align-stretch elementor-widget elementor-widget-form\" data-id=\"04dd7dc\" data-element_type=\"widget\" data-settings=\"{&quot;step_next_label&quot;:&quot;Next&quot;,&quot;step_previous_label&quot;:&quot;Previous&quot;,&quot;button_width&quot;:&quot;100&quot;,&quot;step_type&quot;:&quot;number_text&quot;,&quot;step_icon_shape&quot;:&quot;circle&quot;}\" data-widget_type=\"form.default\">\n\t\t\t\t\t\t\t<form class=\"elementor-form\" method=\"post\" name=\"New Form\">\n\t\t\t<input type=\"hidden\" name=\"post_id\" value=\"140\"\/>\n\t\t\t<input type=\"hidden\" name=\"form_id\" value=\"04dd7dc\"\/>\n\t\t\t<input type=\"hidden\" name=\"referer_title\" value=\"\" \/>\n\n\t\t\t\t\t\t\t<input type=\"hidden\" name=\"queried_id\" value=\"140\"\/>\n\t\t\t\n\t\t\t<div class=\"elementor-form-fields-wrapper elementor-labels-above\">\n\t\t\t\t\t\t\t\t<div class=\"elementor-field-type-text elementor-field-group elementor-column elementor-field-group-name elementor-col-100\">\n\t\t\t\t\t\t\t\t\t\t\t\t\t<input size=\"1\" type=\"text\" name=\"form_fields[name]\" id=\"form-field-name\" class=\"elementor-field elementor-size-sm  elementor-field-textual\" placeholder=\"Nombre\">\n\t\t\t\t\t\t\t\t\t\t\t<\/div>\n\t\t\t\t\t\t\t\t<div class=\"elementor-field-type-email elementor-field-group elementor-column elementor-field-group-email elementor-col-100 elementor-field-required\">\n\t\t\t\t\t\t\t\t\t\t\t\t\t<input size=\"1\" type=\"email\" name=\"form_fields[email]\" id=\"form-field-email\" class=\"elementor-field elementor-size-sm  elementor-field-textual\" placeholder=\"Email\" required=\"required\">\n\t\t\t\t\t\t\t\t\t\t\t<\/div>\n\t\t\t\t\t\t\t\t<div class=\"elementor-field-type-textarea elementor-field-group elementor-column elementor-field-group-message elementor-col-100\">\n\t\t\t\t\t<textarea class=\"elementor-field-textual elementor-field  elementor-size-sm\" name=\"form_fields[message]\" id=\"form-field-message\" rows=\"4\" placeholder=\"\u00bfEn qu\u00e9 te podemos ayudar?\"><\/textarea>\t\t\t\t<\/div>\n\t\t\t\t\t\t\t\t<div class=\"elementor-field-group elementor-column elementor-field-type-submit elementor-col-100 e-form__buttons\">\n\t\t\t\t\t<button class=\"elementor-button elementor-size-sm\" type=\"submit\">\n\t\t\t\t\t\t<span class=\"elementor-button-content-wrapper\">\n\t\t\t\t\t\t\t\t\t\t\t\t\t\t\t\t\t\t\t\t\t\t<span class=\"elementor-button-text\">Send<\/span>\n\t\t\t\t\t\t\t\t\t\t\t\t\t<\/span>\n\t\t\t\t\t<\/button>\n\t\t\t\t<\/div>\n\t\t\t<\/div>\n\t\t<\/form>\n\t\t\t\t\t\t<\/div>\n\t\t\t\t<\/div>\n\t\t<div class=\"elementor-element elementor-element-6176e1c e-con-full e-flex e-con e-child\" data-id=\"6176e1c\" data-element_type=\"container\">\n\t\t\t\t<div class=\"elementor-element elementor-element-fd6c841 elementor-widget elementor-widget-text-editor\" data-id=\"fd6c841\" data-element_type=\"widget\" data-widget_type=\"text-editor.default\">\n\t\t\t\t\t\t\t\t\t<p data-start=\"267\" data-end=\"509\">Cu\u00e9ntanos qu\u00e9 necesitas y nuestro equipo se pondr\u00e1 en contacto contigo lo antes posible. Ya sea una duda puntual, una propuesta concreta o un problema que resolver, estamos aqu\u00ed para ayudarte.<br data-start=\"459\" data-end=\"462\" \/>Rellena el formulario y d\u00e9janos tu mensaje.<\/p>\t\t\t\t\t\t\t\t<\/div>\n\t\t\t\t<\/div>\n\t\t\t\t\t<\/div>\n\t\t\t\t<\/div>\n\t\t<div class=\"elementor-element elementor-element-1e609d3 e-flex e-con-boxed e-con e-parent\" data-id=\"1e609d3\" data-element_type=\"container\">\n\t\t\t\t\t<div class=\"e-con-inner\">\n\t\t\t\t\t<\/div>\n\t\t\t\t<\/div>\n\t\t\t\t<\/div>\n\t\t","protected":false},"excerpt":{"rendered":"<p>A tu lado en todo momento Te acompa\u00f1amos durante el ciclo de vida de tu proyecto para que te sientas respaldado en todo momento por personal t\u00e9cnico cualificado. Nuestros servicios Automatizaci\u00f3n y Servicios Avanzados Optimizamos tus procesos con tecnolog\u00eda inteligente. Automatiza tareas, integra sistemas y gana eficiencia desde el primer d\u00eda. Leer m\u00e1s&#8230; Seguridad, Backup [&hellip;]<\/p>\n","protected":false},"author":1,"featured_media":0,"parent":0,"menu_order":0,"comment_status":"closed","ping_status":"closed","template":"elementor_header_footer","meta":{"footnotes":""},"class_list":["post-140","page","type-page","status-publish","hentry"],"_links":{"self":[{"href":"https:\/\/youradmin.es\/index.php?rest_route=\/wp\/v2\/pages\/140","targetHints":{"allow":["GET"]}}],"collection":[{"href":"https:\/\/youradmin.es\/index.php?rest_route=\/wp\/v2\/pages"}],"about":[{"href":"https:\/\/youradmin.es\/index.php?rest_route=\/wp\/v2\/types\/page"}],"author":[{"embeddable":true,"href":"https:\/\/youradmin.es\/index.php?rest_route=\/wp\/v2\/users\/1"}],"replies":[{"embeddable":true,"href":"https:\/\/youradmin.es\/index.php?rest_route=%2Fwp%2Fv2%2Fcomments&post=140"}],"version-history":[{"count":109,"href":"https:\/\/youradmin.es\/index.php?rest_route=\/wp\/v2\/pages\/140\/revisions"}],"predecessor-version":[{"id":480,"href":"https:\/\/youradmin.es\/index.php?rest_route=\/wp\/v2\/pages\/140\/revisions\/480"}],"wp:attachment":[{"href":"https:\/\/youradmin.es\/index.php?rest_route=%2Fwp%2Fv2%2Fmedia&parent=140"}],"curies":[{"name":"wp","href":"https:\/\/api.w.org\/{rel}","templated":true}]}}