{"id":24,"date":"2025-07-24T08:35:44","date_gmt":"2025-07-24T08:35:44","guid":{"rendered":"https:\/\/sysadminow.com\/?page_id=24"},"modified":"2025-12-30T17:29:57","modified_gmt":"2025-12-30T17:29:57","slug":"automatizacion-y-servicios-complementarios","status":"publish","type":"page","link":"https:\/\/youradmin.es\/?page_id=24","title":{"rendered":"Automatizaci\u00f3n y Servicios Avanzados"},"content":{"rendered":"\t\t<div data-elementor-type=\"wp-page\" data-elementor-id=\"24\" class=\"elementor elementor-24\" data-elementor-post-type=\"page\">\n\t\t\t\t<div class=\"elementor-element elementor-element-54ab36c e-con-full e-flex e-con e-parent\" data-id=\"54ab36c\" data-element_type=\"container\">\n\t\t\t\t<div class=\"elementor-element elementor-element-9c86543 elementor-widget elementor-widget-text-editor\" data-id=\"9c86543\" data-element_type=\"widget\" data-widget_type=\"text-editor.default\">\n\t\t\t\t\t\t\t\t\t<p>En un entorno donde la eficiencia es clave, te ayudamos a reducir tiempos, errores y costes mediante la automatizaci\u00f3n inteligente de tus procesos.<br data-start=\"1036\" data-end=\"1039\" \/>Nuestros servicios combinan tecnolog\u00eda avanzada con conocimiento empresarial para que puedas centrarte en crecer, no en gestionar tareas repetitivas.<\/p>\t\t\t\t\t\t\t\t<\/div>\n\t\t\t\t<\/div>\n\t\t<div class=\"elementor-element elementor-element-f621698 e-con-full e-flex e-con e-parent\" data-id=\"f621698\" data-element_type=\"container\">\n\t\t<div class=\"elementor-element elementor-element-8b68a58 e-con-full e-flex e-con e-child\" data-id=\"8b68a58\" data-element_type=\"container\">\n\t\t\t\t<div class=\"elementor-element elementor-element-89f3ee1 elementor-widget elementor-widget-heading\" data-id=\"89f3ee1\" data-element_type=\"widget\" data-widget_type=\"heading.default\">\n\t\t\t\t\t<h2 class=\"elementor-heading-title elementor-size-default\">\u00bfQu\u00e9 incluye este servicio?<\/h2>\t\t\t\t<\/div>\n\t\t\t\t<div class=\"elementor-element elementor-element-5b70586 elementor-widget elementor-widget-text-editor\" data-id=\"5b70586\" data-element_type=\"widget\" data-widget_type=\"text-editor.default\">\n\t\t\t\t\t\t\t\t\t<ul><li data-start=\"1233\" data-end=\"1310\"><p data-start=\"1235\" data-end=\"1310\">Automatizaci\u00f3n de tareas rutinarias con RPA (Robotic Process Automation).<\/p><\/li><li data-start=\"1311\" data-end=\"1374\"><p data-start=\"1313\" data-end=\"1374\">Integraci\u00f3n de plataformas (ERP, CRM, sistemas de gesti\u00f3n).<\/p><\/li><li data-start=\"1375\" data-end=\"1438\"><p data-start=\"1377\" data-end=\"1438\">An\u00e1lisis de procesos para detectar oportunidades de mejora.<\/p><\/li><li data-start=\"1439\" data-end=\"1492\"><p data-start=\"1441\" data-end=\"1492\">Implementaci\u00f3n de flujos de trabajo inteligentes.<\/p><\/li><li data-start=\"1493\" data-end=\"1554\"><p data-start=\"1495\" data-end=\"1554\">Asesor\u00eda t\u00e9cnica personalizada para escalar digitalmente.<\/p><\/li><\/ul>\t\t\t\t\t\t\t\t<\/div>\n\t\t\t\t<div class=\"elementor-element elementor-element-c7d5ead elementor-widget elementor-widget-heading\" data-id=\"c7d5ead\" data-element_type=\"widget\" data-widget_type=\"heading.default\">\n\t\t\t\t\t<h2 class=\"elementor-heading-title elementor-size-default\">\u00bfQu\u00e9 beneficios tiene?<\/h2>\t\t\t\t<\/div>\n\t\t\t\t<div class=\"elementor-element elementor-element-3aa58de elementor-widget elementor-widget-text-editor\" data-id=\"3aa58de\" data-element_type=\"widget\" data-widget_type=\"text-editor.default\">\n\t\t\t\t\t\t\t\t\t<ul><li data-start=\"1233\" data-end=\"1310\"><p data-start=\"1235\" data-end=\"1310\">Mejora operativa inmediata<\/p><\/li><li data-start=\"1311\" data-end=\"1374\"><p data-start=\"1313\" data-end=\"1374\">Reducci\u00f3n de errores humanos<\/p><\/li><li data-start=\"1375\" data-end=\"1438\"><p data-start=\"1377\" data-end=\"1438\">Mayor productividad y control<\/p><\/li><li data-start=\"1439\" data-end=\"1492\"><p data-start=\"1441\" data-end=\"1492\">Ahorro de tiempo y recursos<\/p><\/li><li data-start=\"1493\" data-end=\"1554\"><p data-start=\"1598\" data-end=\"1752\">Escalabilidad a medida<\/p><\/li><\/ul>\t\t\t\t\t\t\t\t<\/div>\n\t\t\t\t<\/div>\n\t\t<div class=\"elementor-element elementor-element-f914050 e-con-full e-flex e-con e-child\" data-id=\"f914050\" data-element_type=\"container\">\n\t\t\t\t<\/div>\n\t\t\t\t<\/div>\n\t\t\t\t<\/div>\n\t\t","protected":false},"excerpt":{"rendered":"<p>En un entorno donde la eficiencia es clave, te ayudamos a reducir tiempos, errores y costes mediante la automatizaci\u00f3n inteligente de tus procesos.Nuestros servicios combinan tecnolog\u00eda avanzada con conocimiento empresarial para que puedas centrarte en crecer, no en gestionar tareas repetitivas. \u00bfQu\u00e9 incluye este servicio? Automatizaci\u00f3n de tareas rutinarias con RPA (Robotic Process Automation). Integraci\u00f3n [&hellip;]<\/p>\n","protected":false},"author":1,"featured_media":0,"parent":0,"menu_order":0,"comment_status":"closed","ping_status":"closed","template":"elementor_header_footer","meta":{"footnotes":""},"class_list":["post-24","page","type-page","status-publish","hentry"],"_links":{"self":[{"href":"https:\/\/youradmin.es\/index.php?rest_route=\/wp\/v2\/pages\/24","targetHints":{"allow":["GET"]}}],"collection":[{"href":"https:\/\/youradmin.es\/index.php?rest_route=\/wp\/v2\/pages"}],"about":[{"href":"https:\/\/youradmin.es\/index.php?rest_route=\/wp\/v2\/types\/page"}],"author":[{"embeddable":true,"href":"https:\/\/youradmin.es\/index.php?rest_route=\/wp\/v2\/users\/1"}],"replies":[{"embeddable":true,"href":"https:\/\/youradmin.es\/index.php?rest_route=%2Fwp%2Fv2%2Fcomments&post=24"}],"version-history":[{"count":20,"href":"https:\/\/youradmin.es\/index.php?rest_route=\/wp\/v2\/pages\/24\/revisions"}],"predecessor-version":[{"id":442,"href":"https:\/\/youradmin.es\/index.php?rest_route=\/wp\/v2\/pages\/24\/revisions\/442"}],"wp:attachment":[{"href":"https:\/\/youradmin.es\/index.php?rest_route=%2Fwp%2Fv2%2Fmedia&parent=24"}],"curies":[{"name":"wp","href":"https:\/\/api.w.org\/{rel}","templated":true}]}}